{"id":72,"date":"2026-01-06T15:51:18","date_gmt":"2026-01-06T15:51:18","guid":{"rendered":"https:\/\/vobiscumadvisory.fi\/yhteystiedot\/"},"modified":"2026-03-14T05:08:18","modified_gmt":"2026-03-14T05:08:18","slug":"yhteystiedot","status":"publish","type":"page","link":"https:\/\/vobiscumadvisory.fi\/en\/yhteystiedot\/","title":{"rendered":"Contact information"},"content":{"rendered":"<div class=\"wp-block-group vb-page vb-page--contact has-global-padding is-layout-constrained wp-container-core-group-is-layout-97829e9f wp-block-group-is-layout-constrained\" style=\"padding-right:var(--wp--preset--spacing--40);padding-left:var(--wp--preset--spacing--40)\">\n<div class=\"wp-block-group vb-section vb-section--hero has-global-padding is-layout-constrained wp-block-group-is-layout-constrained\" style=\"padding-top:var(--wp--preset--spacing--50);padding-bottom:var(--wp--preset--spacing--50)\">\n<h1 class=\"wp-block-heading\" style=\"margin-top:var(--wp--preset--spacing--30);margin-bottom:var(--wp--preset--spacing--30)\"><strong>Contact information<\/strong><\/h1>\n\n\n\n<p>Book a 30\u2011minute discussion or get in touch directly. Briefly describe your situation \u2014 We will respond quickly.<\/p>\n<\/div>\n\n\n\n<div class=\"wp-block-group vb-section vb-section--details has-global-padding is-layout-constrained wp-block-group-is-layout-constrained\" style=\"padding-top:var(--wp--preset--spacing--50);padding-bottom:var(--wp--preset--spacing--50)\">\n<h2 class=\"wp-block-heading\" style=\"margin-top:var(--wp--preset--spacing--20);margin-bottom:var(--wp--preset--spacing--20)\"><strong>Contact us<\/strong><\/h2>\n\n\n\n<ul class=\"wp-block-list\">\n<li>Timo Hahtala, CEO<\/li>\n\n\n\n<li><strong>Phone:<\/strong> <a href=\"tel:+358XXXXXXXXX\">+358 40 903 0616<\/a><\/li>\n\n\n\n<li><strong>Email:<\/strong> <a href=\"mailto:timo.hahtala@vobiscumadvisory.fi\">timo.hahtala@vobiscumadvisory.fi<\/a><\/li>\n\n\n\n<li><strong>LinkedIn:<\/strong> <a href=\"http:\/\/www.linkedin.com\/in\/timohahtala\" target=\"_blank\" data-type=\"link\" data-id=\"www.linkedin.com\/in\/timohahtala\" rel=\"noreferrer noopener\">www.linkedin.com\/in\/timohahtala<\/a><\/li>\n<\/ul>\n<\/div>\n\n\n\n<div class=\"wp-block-group vb-section vb-section--location has-global-padding is-layout-constrained wp-block-group-is-layout-constrained\" style=\"padding-top:var(--wp--preset--spacing--50);padding-bottom:var(--wp--preset--spacing--50)\">\n<h2 class=\"wp-block-heading\" style=\"margin-top:var(--wp--preset--spacing--20);margin-bottom:var(--wp--preset--spacing--20)\"><strong>Location and operating area<\/strong><\/h2>\n\n\n\n<p>Operating area: Finland (remote work and on\u2011site when needed). International assignments by agreement.<\/p>\n<\/div>\n<\/div>\n\n\n\n<p><\/p>","protected":false},"excerpt":{"rendered":"<p>Yhteystiedot Varaa 30 minuutin keskusteluaika tai ota yhteytt\u00e4 suoraan. Kerro lyhyesti tilanteestanne \u2013 otamme nopeasti yhteytt\u00e4. Ota yhteytt\u00e4 Sijainti ja toiminta-alue Toiminta-alue: Suomi (et\u00e4ty\u00f6 ja tarvittaessa paikan p\u00e4\u00e4ll\u00e4). Kansainv\u00e4liset toimeksiannot sovitusti.<\/p>","protected":false},"author":1,"featured_media":271,"parent":0,"menu_order":0,"comment_status":"closed","ping_status":"closed","template":"","meta":{"footnotes":""},"class_list":["post-72","page","type-page","status-publish","has-post-thumbnail","hentry"],"_links":{"self":[{"href":"https:\/\/vobiscumadvisory.fi\/en\/wp-json\/wp\/v2\/pages\/72","targetHints":{"allow":["GET"]}}],"collection":[{"href":"https:\/\/vobiscumadvisory.fi\/en\/wp-json\/wp\/v2\/pages"}],"about":[{"href":"https:\/\/vobiscumadvisory.fi\/en\/wp-json\/wp\/v2\/types\/page"}],"author":[{"embeddable":true,"href":"https:\/\/vobiscumadvisory.fi\/en\/wp-json\/wp\/v2\/users\/1"}],"replies":[{"embeddable":true,"href":"https:\/\/vobiscumadvisory.fi\/en\/wp-json\/wp\/v2\/comments?post=72"}],"version-history":[{"count":4,"href":"https:\/\/vobiscumadvisory.fi\/en\/wp-json\/wp\/v2\/pages\/72\/revisions"}],"predecessor-version":[{"id":278,"href":"https:\/\/vobiscumadvisory.fi\/en\/wp-json\/wp\/v2\/pages\/72\/revisions\/278"}],"wp:featuredmedia":[{"embeddable":true,"href":"https:\/\/vobiscumadvisory.fi\/en\/wp-json\/wp\/v2\/media\/271"}],"wp:attachment":[{"href":"https:\/\/vobiscumadvisory.fi\/en\/wp-json\/wp\/v2\/media?parent=72"}],"curies":[{"name":"wp","href":"https:\/\/api.w.org\/{rel}","templated":true}]}}